{"id":2,"date":"2025-11-25T12:58:09","date_gmt":"2025-11-25T12:58:09","guid":{"rendered":"https:\/\/look-at-event.com\/?page_id=2"},"modified":"2026-01-29T22:25:22","modified_gmt":"2026-01-29T22:25:22","slug":"sample-page","status":"publish","type":"page","link":"https:\/\/look-at-event.com\/?page_id=2","title":{"rendered":"Accueil"},"content":{"rendered":"\t\t<div data-elementor-type=\"wp-page\" data-elementor-id=\"2\" class=\"elementor elementor-2\">\n\t\t\t\t<div class=\"elementor-element elementor-element-0914f70 e-grid e-con-boxed e-con e-parent\" data-id=\"0914f70\" data-element_type=\"container\" data-e-type=\"container\">\n\t\t\t\t\t<div class=\"e-con-inner\">\n\t\t\t\t<div class=\"elementor-element elementor-element-6f951d4 elementor-widget elementor-widget-image\" data-id=\"6f951d4\" data-element_type=\"widget\" data-e-type=\"widget\" data-widget_type=\"image.default\">\n\t\t\t\t\t\t\t\t\t\t\t\t\t\t\t<img fetchpriority=\"high\" decoding=\"async\" width=\"594\" height=\"1024\" src=\"https:\/\/look-at-event.com\/wp-content\/uploads\/2026\/01\/telechargement-3-594x1024.jpeg\" class=\"attachment-large size-large wp-image-461\" alt=\"\" srcset=\"https:\/\/look-at-event.com\/wp-content\/uploads\/2026\/01\/telechargement-3-594x1024.jpeg 594w, https:\/\/look-at-event.com\/wp-content\/uploads\/2026\/01\/telechargement-3-174x300.jpeg 174w, https:\/\/look-at-event.com\/wp-content\/uploads\/2026\/01\/telechargement-3.jpeg 736w\" sizes=\"(max-width: 594px) 100vw, 594px\" \/>\t\t\t\t\t\t\t\t\t\t\t\t\t\t\t<\/div>\n\t\t\t\t<div class=\"elementor-element elementor-element-44ba402 elementor-widget elementor-widget-image\" data-id=\"44ba402\" data-element_type=\"widget\" data-e-type=\"widget\" data-widget_type=\"image.default\">\n\t\t\t\t\t\t\t\t\t\t\t\t\t\t\t<img decoding=\"async\" width=\"683\" height=\"1024\" src=\"https:\/\/look-at-event.com\/wp-content\/uploads\/2026\/01\/telechargement-4-683x1024.jpeg\" class=\"attachment-large size-large wp-image-460\" alt=\"\" srcset=\"https:\/\/look-at-event.com\/wp-content\/uploads\/2026\/01\/telechargement-4-683x1024.jpeg 683w, https:\/\/look-at-event.com\/wp-content\/uploads\/2026\/01\/telechargement-4-200x300.jpeg 200w, https:\/\/look-at-event.com\/wp-content\/uploads\/2026\/01\/telechargement-4.jpeg 724w\" sizes=\"(max-width: 683px) 100vw, 683px\" \/>\t\t\t\t\t\t\t\t\t\t\t\t\t\t\t<\/div>\n\t\t\t\t<div class=\"elementor-element elementor-element-ff3c3c3 elementor-widget elementor-widget-image\" data-id=\"ff3c3c3\" data-element_type=\"widget\" data-e-type=\"widget\" data-widget_type=\"image.default\">\n\t\t\t\t\t\t\t\t\t\t\t\t\t\t\t<img decoding=\"async\" width=\"673\" height=\"1024\" src=\"https:\/\/look-at-event.com\/wp-content\/uploads\/2026\/01\/telechargement-2-673x1024.jpeg\" class=\"attachment-large size-large wp-image-458\" alt=\"\" srcset=\"https:\/\/look-at-event.com\/wp-content\/uploads\/2026\/01\/telechargement-2-673x1024.jpeg 673w, https:\/\/look-at-event.com\/wp-content\/uploads\/2026\/01\/telechargement-2-197x300.jpeg 197w, https:\/\/look-at-event.com\/wp-content\/uploads\/2026\/01\/telechargement-2.jpeg 735w\" sizes=\"(max-width: 673px) 100vw, 673px\" \/>\t\t\t\t\t\t\t\t\t\t\t\t\t\t\t<\/div>\n\t\t\t\t\t<\/div>\n\t\t\t\t<\/div>\n\t\t<div class=\"elementor-element elementor-element-3e1fe73 e-flex e-con-boxed e-con e-parent\" data-id=\"3e1fe73\" data-element_type=\"container\" data-e-type=\"container\">\n\t\t\t\t\t<div class=\"e-con-inner\">\n\t\t<div class=\"elementor-element elementor-element-65b6955 e-con-full e-flex e-con e-child\" data-id=\"65b6955\" data-element_type=\"container\" data-e-type=\"container\">\n\t\t\t\t<div class=\"elementor-element elementor-element-a1d6d15 elementor-widget elementor-widget-text-editor\" data-id=\"a1d6d15\" data-element_type=\"widget\" data-e-type=\"widget\" data-widget_type=\"text-editor.default\">\n\t\t\t\t\t\t\t\t\t<div><p>Chez LookAtEvent, nous croyons qu\u2019un \u00e9v\u00e9nement ne se vit pas seulement\u2026 il se ressent.<br \/><strong>Notre mission ?<\/strong> Transformer chaque instant en un moment inoubliable, o\u00f9 chaque d\u00e9tail compte et o\u00f9 la beaut\u00e9 devient une \u00e9vidence.<\/p><p>SUBLIMER, ORGANISER &amp; COORDONNER<\/p><p>Nous r\u00e9v\u00e9lons l\u2019\u00e2me de votre \u00e9v\u00e9nement gr\u00e2ce \u00e0 une d\u00e9coration sur mesure, pens\u00e9e pour \u00e9merveiller.<br \/>Parce qu\u2019aucune c\u00e9l\u00e9bration ne se ressemble, nous imaginons des univers uniques, \u00e0 votre image, capables de toucher les c\u0153urs d\u00e8s le premier regard.<\/p><p>Nous vous accompagnons \u00e9galement avec une organisation compl\u00e8te, fluide et ma\u00eetris\u00e9e, qui vous lib\u00e8re de tout stress pour ne laisser place qu\u2019\u00e0 l\u2019essentiel : profiter.<\/p><p>Et le jour J, nous veillons \u00e0 chaque seconde gr\u00e2ce \u00e0 notre coordination professionnelle, discr\u00e8te et pr\u00e9cise, pour que tout se d\u00e9roule exactement comme vous l\u2019aviez r\u00eav\u00e9.<\/p><\/div><div><span style=\"color: #0000ff;\">\u00a0<strong><span style=\"font-size: 14pt;\"><a style=\"color: #0000ff;\" href=\"https:\/\/look-at-event.com\/wp-content\/uploads\/2025\/11\/NOS-FORMULES-3.pdf\" target=\"_blank\" rel=\"noopener\">T\u00e9l\u00e9chargez nos formules de d\u00e9coration de table!<\/a><\/span><\/strong><\/span><\/div>\t\t\t\t\t\t\t\t<\/div>\n\t\t\t\t<\/div>\n\t\t<div class=\"elementor-element elementor-element-40629e6 e-con-full e-flex e-con e-child\" data-id=\"40629e6\" data-element_type=\"container\" data-e-type=\"container\">\n\t\t\t\t<div class=\"elementor-element elementor-element-765650e elementor-widget elementor-widget-image\" data-id=\"765650e\" data-element_type=\"widget\" data-e-type=\"widget\" data-widget_type=\"image.default\">\n\t\t\t\t\t\t\t\t\t\t\t\t\t\t\t<img loading=\"lazy\" decoding=\"async\" width=\"768\" height=\"1024\" src=\"https:\/\/look-at-event.com\/wp-content\/uploads\/2025\/11\/WhatsApp-Image-2025-11-19-at-15.17.42-1-768x1024.jpeg\" class=\"attachment-large size-large wp-image-206\" alt=\"\" srcset=\"https:\/\/look-at-event.com\/wp-content\/uploads\/2025\/11\/WhatsApp-Image-2025-11-19-at-15.17.42-1-768x1024.jpeg 768w, https:\/\/look-at-event.com\/wp-content\/uploads\/2025\/11\/WhatsApp-Image-2025-11-19-at-15.17.42-1-225x300.jpeg 225w, https:\/\/look-at-event.com\/wp-content\/uploads\/2025\/11\/WhatsApp-Image-2025-11-19-at-15.17.42-1-1152x1536.jpeg 1152w, https:\/\/look-at-event.com\/wp-content\/uploads\/2025\/11\/WhatsApp-Image-2025-11-19-at-15.17.42-1-200x267.jpeg 200w, https:\/\/look-at-event.com\/wp-content\/uploads\/2025\/11\/WhatsApp-Image-2025-11-19-at-15.17.42-1.jpeg 1200w\" sizes=\"(max-width: 768px) 100vw, 768px\" \/>\t\t\t\t\t\t\t\t\t\t\t\t\t\t\t<\/div>\n\t\t\t\t<\/div>\n\t\t\t\t\t<\/div>\n\t\t\t\t<\/div>\n\t\t<div class=\"elementor-element elementor-element-44de5aac e-flex e-con-boxed e-con e-parent\" data-id=\"44de5aac\" data-element_type=\"container\" data-e-type=\"container\">\n\t\t\t\t\t<div class=\"e-con-inner\">\n\t\t\t\t<div class=\"elementor-element elementor-element-2b521082 elementor-widget elementor-widget-text-editor\" data-id=\"2b521082\" data-element_type=\"widget\" data-e-type=\"widget\" data-widget_type=\"text-editor.default\">\n\t\t\t\t\t\t\t\t\t<p style=\"text-align: center;\"><strong>Venez avec vos id\u00e9es et cr\u00e9ons ensemble un \u00e9v\u00e8nement qui restera grav\u00e9 dans votre m\u00e9moire et celles de vos invit\u00e9s.<\/strong><\/p><p style=\"text-align: center;\"><strong>Contactez-nous vite, nous sommes \u00e0 votre disposition.<\/strong><\/p><p><span class=\"col col_shortcode\">\u00a0 \u00a0 \u00a0 \u00a0 \u00a0 \u00a0 \u00a0 \u00a0 \u00a0 \u00a0 \u00a0 \u00a0 \u00a0 <a class=\"maxbutton-1 maxbutton maxbutton-contactez-nous-au-06-03-67-70-40\" title=\"Contactez-nous au 06 03 67 70 40\" href=\"\/?p=55\"><span class='mb-text'>Contactez-nous au 06 03 67 70 40<\/span><\/a>\u00a0 \u00a0 \u00a0 \u00a0 \u00a0 \u00a0 \u00a0 \u00a0 \u00a0 \u00a0 \u00a0 \u00a0 \u00a0 \u00a0 \u00a0 \u00a0 \u00a0 \u00a0 \u00a0 \u00a0 \u00a0 \u00a0 \u00a0 \u00a0 \u00a0 \u00a0 \u00a0 \u00a0 \u00a0 \u00a0 \u00a0 \u00a0 \u00a0 \u00a0 \u00a0 \u00a0 \u00a0 \u00a0 \u00a0 \u00a0 \u00a0 \u00a0 \u00a0 \u00a0 \u00a0 \u00a0 \u00a0<a class=\"maxbutton-2 maxbutton maxbutton-contactez-nous-par-courriel\" target=\"_blank\" title=\"Contactez-nous par courriel\" rel=\"noopener\" href=\"\/?p=55\"><span class='mb-text'>Contactez-nous par courriel<\/span><\/a><\/span><\/p><p style=\"text-align: left;\">\u00a0<\/p>\t\t\t\t\t\t\t\t<\/div>\n\t\t\t\t\t<\/div>\n\t\t\t\t<\/div>\n\t\t\t\t<\/div>\n\t\t","protected":false},"excerpt":{"rendered":"<p>Chez LookAtEvent, nous croyons qu\u2019un \u00e9v\u00e9nement ne se vit pas seulement\u2026 il se [&hellip;]<\/p>\n","protected":false},"author":1,"featured_media":0,"parent":0,"menu_order":0,"comment_status":"closed","ping_status":"open","template":"","meta":{"footnotes":""},"class_list":["post-2","page","type-page","status-publish","hentry"],"_links":{"self":[{"href":"https:\/\/look-at-event.com\/index.php?rest_route=\/wp\/v2\/pages\/2","targetHints":{"allow":["GET"]}}],"collection":[{"href":"https:\/\/look-at-event.com\/index.php?rest_route=\/wp\/v2\/pages"}],"about":[{"href":"https:\/\/look-at-event.com\/index.php?rest_route=\/wp\/v2\/types\/page"}],"author":[{"embeddable":true,"href":"https:\/\/look-at-event.com\/index.php?rest_route=\/wp\/v2\/users\/1"}],"replies":[{"embeddable":true,"href":"https:\/\/look-at-event.com\/index.php?rest_route=%2Fwp%2Fv2%2Fcomments&post=2"}],"version-history":[{"count":120,"href":"https:\/\/look-at-event.com\/index.php?rest_route=\/wp\/v2\/pages\/2\/revisions"}],"predecessor-version":[{"id":472,"href":"https:\/\/look-at-event.com\/index.php?rest_route=\/wp\/v2\/pages\/2\/revisions\/472"}],"wp:attachment":[{"href":"https:\/\/look-at-event.com\/index.php?rest_route=%2Fwp%2Fv2%2Fmedia&parent=2"}],"curies":[{"name":"wp","href":"https:\/\/api.w.org\/{rel}","templated":true}]}}